{"id":376,"date":"2025-01-03T23:04:44","date_gmt":"2025-01-03T23:04:44","guid":{"rendered":"https:\/\/demo1.alacartacn.com\/?page_id=376"},"modified":"2025-01-08T01:38:56","modified_gmt":"2025-01-08T01:38:56","slug":"acerca-de-nosotros","status":"publish","type":"page","link":"https:\/\/demo2.alacartacn.com\/?page_id=376","title":{"rendered":"Acerca de nosotros"},"content":{"rendered":"\n<p><em>En Don Rodeo, celebramos la pasi\u00f3n por la carne desde hace m\u00e1s de 50 a\u00f1os. Cada corte que servimos es cuidadosamente seleccionado y preparado con maestr\u00eda, porque entendemos que disfrutar un buen corte no es solo una comida, sino una experiencia \u00fanica.<\/em><\/p>\n\n\n\n<p><em>Nuestro compromiso es ofrecer un ambiente acogedor, un servicio excepcional y el sabor inigualable que nos caracteriza. Ya sea para un momento especial o simplemente para disfrutar de un banquete inolvidable, en Don Rodeo siempre encontrar\u00e1s lo mejor.<\/em><\/p>\n\n\n\n<p class=\"has-text-align-right\">Don Rodeo, el arte de los cortes.<\/p>\n\n\n\n<p><\/p>\n","protected":false},"excerpt":{"rendered":"<p>En Don Rodeo, celebramos la pasi\u00f3n por la carne desde hace m\u00e1s de 50 a\u00f1os. Cada corte que servimos es cuidadosamente seleccionado y preparado con maestr\u00eda, porque entendemos que disfrutar un buen corte no es solo una comida, sino una experiencia \u00fanica. Nuestro compromiso es ofrecer un ambiente acogedor, un [&hellip;]<\/p>\n","protected":false},"author":1,"featured_media":0,"parent":0,"menu_order":0,"comment_status":"closed","ping_status":"closed","template":"","meta":{"inline_featured_image":false,"footnotes":""},"class_list":["post-376","page","type-page","status-publish","hentry"],"_links":{"self":[{"href":"https:\/\/demo2.alacartacn.com\/index.php?rest_route=\/wp\/v2\/pages\/376","targetHints":{"allow":["GET"]}}],"collection":[{"href":"https:\/\/demo2.alacartacn.com\/index.php?rest_route=\/wp\/v2\/pages"}],"about":[{"href":"https:\/\/demo2.alacartacn.com\/index.php?rest_route=\/wp\/v2\/types\/page"}],"author":[{"embeddable":true,"href":"https:\/\/demo2.alacartacn.com\/index.php?rest_route=\/wp\/v2\/users\/1"}],"replies":[{"embeddable":true,"href":"https:\/\/demo2.alacartacn.com\/index.php?rest_route=%2Fwp%2Fv2%2Fcomments&post=376"}],"version-history":[{"count":6,"href":"https:\/\/demo2.alacartacn.com\/index.php?rest_route=\/wp\/v2\/pages\/376\/revisions"}],"predecessor-version":[{"id":483,"href":"https:\/\/demo2.alacartacn.com\/index.php?rest_route=\/wp\/v2\/pages\/376\/revisions\/483"}],"wp:attachment":[{"href":"https:\/\/demo2.alacartacn.com\/index.php?rest_route=%2Fwp%2Fv2%2Fmedia&parent=376"}],"curies":[{"name":"wp","href":"https:\/\/api.w.org\/{rel}","templated":true}]}}